{"id":22,"date":"2020-07-01T12:39:16","date_gmt":"2020-07-01T10:39:16","guid":{"rendered":"https:\/\/www.lexiscode.com\/?page_id=22"},"modified":"2020-07-01T18:48:26","modified_gmt":"2020-07-01T16:48:26","slug":"nos-partenaires","status":"publish","type":"page","link":"https:\/\/www.lexiscode.com\/en\/nos-partenaires\/","title":{"rendered":"Our Partners"},"content":{"rendered":"<p><strong>LexisNexis <\/strong>and <strong>Sader <\/strong>would like to thank all the partners and sponsors who contributed to the production of this first edition of the trilingual Civil Code:<\/p>\n\n\n\n<p><a href=\"https:\/\/www.alyaqoutlg.com\/home.html?lang=en\"><strong>Al-Yaqout &amp; Al-Fouzan Legal Group<\/strong><\/a><strong> <\/strong><em>(Kuwait)<\/em><\/p>\n\n\n\n<p><a href=\"http:\/\/www.burhanalmarifa.com\/\"><strong>Burhan Almarifa<\/strong><\/a><strong> <\/strong><em>(Saudi Arabia)<\/em><\/p>\n\n\n\n<p><a href=\"https:\/\/www.fondation-droitcontinental.org\/fr\/\"><strong>Civil Law Foundation<\/strong><\/a><strong> <\/strong><em>(France)<\/em><\/p>\n\n\n\n<p><a href=\"http:\/\/www.alattiya-legal.com\"><strong>Khalid Al Attiya Legal Consultant &amp; Attorney<\/strong><\/a><strong> <\/strong><em>(Qatar)<\/em><\/p>\n\n\n\n<p><a href=\"http:\/\/www.salloum.law\"><strong>Salloum &amp; Partners LLC<\/strong><\/a><strong> <\/strong><em>United Arab Emirates<\/em><\/p>\n\n\n\n<p><a href=\"http:\/\/www.cabinetschell.com\/\"><strong>Cabinet Schell<\/strong><\/a><strong> <\/strong><em>(France)<\/em><\/p>\n\n\n\n<p><a href=\"https:\/\/www.usek.edu.lb\/en\/home\"><strong>Holy Spirit University of Kaslik<\/strong><\/a><strong> <\/strong><em>Lebanon<\/em><\/p>","protected":false},"excerpt":{"rendered":"<p>LexisNexis et Sader remercient tous les partenaires et sponsors ayant contribu\u00e9 \u00e0 la r\u00e9alisation de cette premi\u00e8re \u00e9dition du Code civil trilingue : Al-Yaqout &amp; Al-Fouzan Legal Group (Kowe\u00eft) Burhan Almarifa (Arabie Saoudite) La Fondation pour le droit continental (France) Khalid Al Attiya Legal Consultant &amp; Attorney (Qatar) Salloum &amp; Partners LLC (Emirats arabes unis)<\/p>\n<div><a class=\"btn-filled btn\" href=\"https:\/\/www.lexiscode.com\/en\/nos-partenaires\/\" title=\"Our Partners\">Read More<\/a><\/div>","protected":false},"author":1,"featured_media":0,"parent":0,"menu_order":0,"comment_status":"closed","ping_status":"closed","template":"page-templates\/full-width.php","meta":{"_monsterinsights_skip_tracking":false,"_monsterinsights_sitenote_active":false,"_monsterinsights_sitenote_note":"","_monsterinsights_sitenote_category":0,"footnotes":""},"class_list":["post-22","page","type-page","status-publish","hentry"],"yoast_head":"<!-- This site is optimized with the Yoast SEO plugin v26.5 - https:\/\/yoast.com\/wordpress\/plugins\/seo\/ -->\n<title>Nos Partenaires - LexisNexis Trilingual French Civil Code<\/title>\n<meta name=\"robots\" content=\"index, follow, max-snippet:-1, max-image-preview:large, max-video-preview:-1\" \/>\n<link rel=\"canonical\" href=\"https:\/\/www.lexiscode.com\/en\/nos-partenaires\/\" \/>\n<meta property=\"og:locale\" content=\"en_GB\" \/>\n<meta property=\"og:type\" content=\"article\" \/>\n<meta property=\"og:title\" content=\"Nos Partenaires - LexisNexis Trilingual French Civil Code\" \/>\n<meta property=\"og:description\" content=\"LexisNexis et Sader remercient tous les partenaires et sponsors ayant contribu\u00e9 \u00e0 la r\u00e9alisation de cette premi\u00e8re \u00e9dition du Code civil trilingue : Al-Yaqout &amp; Al-Fouzan Legal Group (Kowe\u00eft) Burhan Almarifa (Arabie Saoudite) La Fondation pour le droit continental (France) Khalid Al Attiya Legal Consultant &amp; Attorney (Qatar) Salloum &amp; Partners LLC (Emirats arabes unis)Read More\" \/>\n<meta property=\"og:url\" content=\"https:\/\/www.lexiscode.com\/en\/nos-partenaires\/\" \/>\n<meta property=\"og:site_name\" content=\"LexisNexis Trilingual French Civil Code\" \/>\n<meta property=\"article:modified_time\" content=\"2020-07-01T16:48:26+00:00\" \/>\n<meta name=\"twitter:card\" content=\"summary_large_image\" \/>\n<script type=\"application\/ld+json\" class=\"yoast-schema-graph\">{\"@context\":\"https:\/\/schema.org\",\"@graph\":[{\"@type\":\"WebPage\",\"@id\":\"https:\/\/www.lexiscode.com\/en\/nos-partenaires\/\",\"url\":\"https:\/\/www.lexiscode.com\/en\/nos-partenaires\/\",\"name\":\"Nos Partenaires - LexisNexis Trilingual French Civil Code\",\"isPartOf\":{\"@id\":\"https:\/\/www.lexiscode.com\/#website\"},\"datePublished\":\"2020-07-01T10:39:16+00:00\",\"dateModified\":\"2020-07-01T16:48:26+00:00\",\"breadcrumb\":{\"@id\":\"https:\/\/www.lexiscode.com\/en\/nos-partenaires\/#breadcrumb\"},\"inLanguage\":\"en-GB\",\"potentialAction\":[{\"@type\":\"ReadAction\",\"target\":[\"https:\/\/www.lexiscode.com\/en\/nos-partenaires\/\"]}]},{\"@type\":\"BreadcrumbList\",\"@id\":\"https:\/\/www.lexiscode.com\/en\/nos-partenaires\/#breadcrumb\",\"itemListElement\":[{\"@type\":\"ListItem\",\"position\":1,\"name\":\"Home\",\"item\":\"https:\/\/www.lexiscode.com\/\"},{\"@type\":\"ListItem\",\"position\":2,\"name\":\"Nos Partenaires\"}]},{\"@type\":\"WebSite\",\"@id\":\"https:\/\/www.lexiscode.com\/#website\",\"url\":\"https:\/\/www.lexiscode.com\/\",\"name\":\"LexisNexis Trilingual French Civil Code\",\"description\":\"All the latest info regarding the LexisNexis Trilingual French Civil Code\",\"publisher\":{\"@id\":\"https:\/\/www.lexiscode.com\/#organization\"},\"potentialAction\":[{\"@type\":\"SearchAction\",\"target\":{\"@type\":\"EntryPoint\",\"urlTemplate\":\"https:\/\/www.lexiscode.com\/?s={search_term_string}\"},\"query-input\":{\"@type\":\"PropertyValueSpecification\",\"valueRequired\":true,\"valueName\":\"search_term_string\"}}],\"inLanguage\":\"en-GB\"},{\"@type\":\"Organization\",\"@id\":\"https:\/\/www.lexiscode.com\/#organization\",\"name\":\"LexisNexis Trilingual French Civil Code\",\"url\":\"https:\/\/www.lexiscode.com\/\",\"logo\":{\"@type\":\"ImageObject\",\"inLanguage\":\"en-GB\",\"@id\":\"https:\/\/www.lexiscode.com\/#\/schema\/logo\/image\/\",\"url\":\"https:\/\/www.lexiscode.com\/wp-content\/uploads\/2020\/11\/LN-Code-Web-SP@2x.png\",\"contentUrl\":\"https:\/\/www.lexiscode.com\/wp-content\/uploads\/2020\/11\/LN-Code-Web-SP@2x.png\",\"width\":572,\"height\":80,\"caption\":\"LexisNexis Trilingual French Civil Code\"},\"image\":{\"@id\":\"https:\/\/www.lexiscode.com\/#\/schema\/logo\/image\/\"}}]}<\/script>\n<!-- \/ Yoast SEO plugin. -->","yoast_head_json":{"title":"Nos Partenaires - LexisNexis Trilingual French Civil Code","robots":{"index":"index","follow":"follow","max-snippet":"max-snippet:-1","max-image-preview":"max-image-preview:large","max-video-preview":"max-video-preview:-1"},"canonical":"https:\/\/www.lexiscode.com\/en\/nos-partenaires\/","og_locale":"en_GB","og_type":"article","og_title":"Nos Partenaires - LexisNexis Trilingual French Civil Code","og_description":"LexisNexis et Sader remercient tous les partenaires et sponsors ayant contribu\u00e9 \u00e0 la r\u00e9alisation de cette premi\u00e8re \u00e9dition du Code civil trilingue : Al-Yaqout &amp; Al-Fouzan Legal Group (Kowe\u00eft) Burhan Almarifa (Arabie Saoudite) La Fondation pour le droit continental (France) Khalid Al Attiya Legal Consultant &amp; Attorney (Qatar) Salloum &amp; Partners LLC (Emirats arabes unis)Read More","og_url":"https:\/\/www.lexiscode.com\/en\/nos-partenaires\/","og_site_name":"LexisNexis Trilingual French Civil Code","article_modified_time":"2020-07-01T16:48:26+00:00","twitter_card":"summary_large_image","schema":{"@context":"https:\/\/schema.org","@graph":[{"@type":"WebPage","@id":"https:\/\/www.lexiscode.com\/en\/nos-partenaires\/","url":"https:\/\/www.lexiscode.com\/en\/nos-partenaires\/","name":"Nos Partenaires - LexisNexis Trilingual French Civil Code","isPartOf":{"@id":"https:\/\/www.lexiscode.com\/#website"},"datePublished":"2020-07-01T10:39:16+00:00","dateModified":"2020-07-01T16:48:26+00:00","breadcrumb":{"@id":"https:\/\/www.lexiscode.com\/en\/nos-partenaires\/#breadcrumb"},"inLanguage":"en-GB","potentialAction":[{"@type":"ReadAction","target":["https:\/\/www.lexiscode.com\/en\/nos-partenaires\/"]}]},{"@type":"BreadcrumbList","@id":"https:\/\/www.lexiscode.com\/en\/nos-partenaires\/#breadcrumb","itemListElement":[{"@type":"ListItem","position":1,"name":"Home","item":"https:\/\/www.lexiscode.com\/"},{"@type":"ListItem","position":2,"name":"Nos Partenaires"}]},{"@type":"WebSite","@id":"https:\/\/www.lexiscode.com\/#website","url":"https:\/\/www.lexiscode.com\/","name":"LexisNexis Trilingual French Civil Code","description":"All the latest info regarding the LexisNexis Trilingual French Civil Code","publisher":{"@id":"https:\/\/www.lexiscode.com\/#organization"},"potentialAction":[{"@type":"SearchAction","target":{"@type":"EntryPoint","urlTemplate":"https:\/\/www.lexiscode.com\/?s={search_term_string}"},"query-input":{"@type":"PropertyValueSpecification","valueRequired":true,"valueName":"search_term_string"}}],"inLanguage":"en-GB"},{"@type":"Organization","@id":"https:\/\/www.lexiscode.com\/#organization","name":"LexisNexis Trilingual French Civil Code","url":"https:\/\/www.lexiscode.com\/","logo":{"@type":"ImageObject","inLanguage":"en-GB","@id":"https:\/\/www.lexiscode.com\/#\/schema\/logo\/image\/","url":"https:\/\/www.lexiscode.com\/wp-content\/uploads\/2020\/11\/LN-Code-Web-SP@2x.png","contentUrl":"https:\/\/www.lexiscode.com\/wp-content\/uploads\/2020\/11\/LN-Code-Web-SP@2x.png","width":572,"height":80,"caption":"LexisNexis Trilingual French Civil Code"},"image":{"@id":"https:\/\/www.lexiscode.com\/#\/schema\/logo\/image\/"}}]}},"jetpack_sharing_enabled":true,"_links":{"self":[{"href":"https:\/\/www.lexiscode.com\/en\/wp-json\/wp\/v2\/pages\/22","targetHints":{"allow":["GET"]}}],"collection":[{"href":"https:\/\/www.lexiscode.com\/en\/wp-json\/wp\/v2\/pages"}],"about":[{"href":"https:\/\/www.lexiscode.com\/en\/wp-json\/wp\/v2\/types\/page"}],"author":[{"embeddable":true,"href":"https:\/\/www.lexiscode.com\/en\/wp-json\/wp\/v2\/users\/1"}],"replies":[{"embeddable":true,"href":"https:\/\/www.lexiscode.com\/en\/wp-json\/wp\/v2\/comments?post=22"}],"version-history":[{"count":3,"href":"https:\/\/www.lexiscode.com\/en\/wp-json\/wp\/v2\/pages\/22\/revisions"}],"predecessor-version":[{"id":132,"href":"https:\/\/www.lexiscode.com\/en\/wp-json\/wp\/v2\/pages\/22\/revisions\/132"}],"wp:attachment":[{"href":"https:\/\/www.lexiscode.com\/en\/wp-json\/wp\/v2\/media?parent=22"}],"curies":[{"name":"wp","href":"https:\/\/api.w.org\/{rel}","templated":true}]}}