{"id":6,"date":"2020-07-01T07:33:56","date_gmt":"2020-07-01T07:33:56","guid":{"rendered":"https:\/\/www.lexiscode.com\/front-page\/"},"modified":"2021-06-02T11:49:13","modified_gmt":"2021-06-02T09:49:13","slug":"front-page","status":"publish","type":"page","link":"https:\/\/www.lexiscode.com\/en\/","title":{"rendered":"Home"},"content":{"rendered":"<div style=\"height:50px\" aria-hidden=\"true\" class=\"wp-block-spacer\"><\/div>\n\n\n\n<div style=\"height:50px\" aria-hidden=\"true\" class=\"wp-block-spacer\"><\/div>\n\n\n\n<p class=\"has-medium-font-size\">It is by joining forces that LexisNexis, leading legal publisher in France and around the world, and Sader Publishing, the oldest and most prestigious legal publisher in the Arab world, have successfully published a trilingual version (French - English - Arabic) of the French Civil Code.<\/p>\n\n\n\n<p class=\"has-medium-font-size\">More than 200 years after its first edition, the Civil Code continues to have a global reach. It remains the point of reference for many codified and non-codified texts around the world.<\/p>\n\n\n\n<p class=\"has-medium-font-size\">Accessing the most updated version of the French Civil Code that incorporates the recent reform of the law of obligations, should prove to be particularly useful to many legislators, academics, researchers, students and practitioners around the world.  \nTo make sure that language is no barrier, LexisNexis and Sader Publishing have taken the initiative to combine in one book, an English and Arabic translation of the entire French Civil Code in order to make the concepts accessible to as many people as possible \u2013 especially common law trained lawyers. Each section of the Civil Code is preceded by an explanatory note, written by a renowned professor.<\/p>\n\n\n\n<p class=\"has-medium-font-size\">This trilingual publication is unique and therefore, has no equivalent on the market. We\u2019ve priced it at 49\u20ac to make it affordable to all.<\/p>\n\n\n\n<p class=\"has-medium-font-size\">This Code is part of LexisNexis' desire to share the civil law tradition with lawyers from around the world and contribute to advancing the Rule of Law globally.<\/p>\n\n\n\n<div style=\"height:50px\" aria-hidden=\"true\" class=\"wp-block-spacer\"><\/div>\n\n\n\n<div class=\"wp-block-buttons is-content-justification-center is-layout-flex wp-block-buttons-is-layout-flex\">\n<div class=\"wp-block-button is-style-fill\"><a class=\"wp-block-button__link has-background\" href=\"https:\/\/boutique.lexisnexis.fr\/7508-code-civil-trilingue-2020-anglais-francais-arabe\" style=\"background-color:#e8171f\" target=\"_blank\" rel=\"noreferrer noopener\">Buy the book<\/a><\/div>\n<\/div>\n\n\n\n<div style=\"height:50px\" aria-hidden=\"true\" class=\"wp-block-spacer\"><\/div>","protected":false},"excerpt":{"rendered":"<p>C\u2019est en r\u00e9unissant leurs forces que LexisNexis, \u00e9diteur juridique de r\u00e9f\u00e9rence en France et dans le monde, et Sader Publishing, le plus ancien et prestigieux \u00e9diteur juridique du monde arabe, ont r\u00e9ussi \u00e0 mener \u00e0 terme ce formidable projet de Code civil trilingue, fran\u00e7ais, anglais et arabe. Plus de 200 ans apr\u00e8s sa premi\u00e8re publication,<\/p>\n<div><a class=\"btn-filled btn\" href=\"https:\/\/www.lexiscode.com\/en\/\" title=\"Home\">Read More<\/a><\/div>","protected":false},"author":1,"featured_media":0,"parent":0,"menu_order":0,"comment_status":"closed","ping_status":"closed","template":"page-templates\/template-home.php","meta":{"_monsterinsights_skip_tracking":false,"_monsterinsights_sitenote_active":false,"_monsterinsights_sitenote_note":"","_monsterinsights_sitenote_category":0,"footnotes":""},"class_list":["post-6","page","type-page","status-publish","hentry"],"yoast_head":"<!-- This site is optimized with the Yoast SEO plugin v26.5 - https:\/\/yoast.com\/wordpress\/plugins\/seo\/ -->\n<title>Home - LexisNexis Trilingual French Civil Code<\/title>\n<meta name=\"robots\" content=\"index, follow, max-snippet:-1, max-image-preview:large, max-video-preview:-1\" \/>\n<link rel=\"canonical\" href=\"https:\/\/www.lexiscode.com\/en\/\" \/>\n<meta property=\"og:locale\" content=\"en_GB\" \/>\n<meta property=\"og:type\" content=\"article\" \/>\n<meta property=\"og:title\" content=\"Home - LexisNexis Trilingual French Civil Code\" \/>\n<meta property=\"og:description\" content=\"C\u2019est en r\u00e9unissant leurs forces que LexisNexis, \u00e9diteur juridique de r\u00e9f\u00e9rence en France et dans le monde, et Sader Publishing, le plus ancien et prestigieux \u00e9diteur juridique du monde arabe, ont r\u00e9ussi \u00e0 mener \u00e0 terme ce formidable projet de Code civil trilingue, fran\u00e7ais, anglais et arabe. Plus de 200 ans apr\u00e8s sa premi\u00e8re publication,Read More\" \/>\n<meta property=\"og:url\" content=\"https:\/\/www.lexiscode.com\/en\/\" \/>\n<meta property=\"og:site_name\" content=\"LexisNexis Trilingual French Civil Code\" \/>\n<meta property=\"article:modified_time\" content=\"2021-06-02T09:49:13+00:00\" \/>\n<meta name=\"twitter:card\" content=\"summary_large_image\" \/>\n<meta name=\"twitter:label1\" content=\"Estimated reading time\" \/>\n\t<meta name=\"twitter:data1\" content=\"2 minutes\" \/>\n<script type=\"application\/ld+json\" class=\"yoast-schema-graph\">{\"@context\":\"https:\/\/schema.org\",\"@graph\":[{\"@type\":\"WebPage\",\"@id\":\"https:\/\/www.lexiscode.com\/\",\"url\":\"https:\/\/www.lexiscode.com\/\",\"name\":\"Home - LexisNexis Trilingual French Civil Code\",\"isPartOf\":{\"@id\":\"https:\/\/www.lexiscode.com\/#website\"},\"datePublished\":\"2020-07-01T07:33:56+00:00\",\"dateModified\":\"2021-06-02T09:49:13+00:00\",\"breadcrumb\":{\"@id\":\"https:\/\/www.lexiscode.com\/#breadcrumb\"},\"inLanguage\":\"en-GB\",\"potentialAction\":[{\"@type\":\"ReadAction\",\"target\":[\"https:\/\/www.lexiscode.com\/\"]}]},{\"@type\":\"BreadcrumbList\",\"@id\":\"https:\/\/www.lexiscode.com\/#breadcrumb\",\"itemListElement\":[{\"@type\":\"ListItem\",\"position\":1,\"name\":\"Home\",\"item\":\"https:\/\/www.lexiscode.com\/\"},{\"@type\":\"ListItem\",\"position\":2,\"name\":\"Home\"}]},{\"@type\":\"WebSite\",\"@id\":\"https:\/\/www.lexiscode.com\/#website\",\"url\":\"https:\/\/www.lexiscode.com\/\",\"name\":\"LexisNexis Trilingual French Civil Code\",\"description\":\"All the latest info regarding the LexisNexis Trilingual French Civil Code\",\"publisher\":{\"@id\":\"https:\/\/www.lexiscode.com\/#organization\"},\"potentialAction\":[{\"@type\":\"SearchAction\",\"target\":{\"@type\":\"EntryPoint\",\"urlTemplate\":\"https:\/\/www.lexiscode.com\/?s={search_term_string}\"},\"query-input\":{\"@type\":\"PropertyValueSpecification\",\"valueRequired\":true,\"valueName\":\"search_term_string\"}}],\"inLanguage\":\"en-GB\"},{\"@type\":\"Organization\",\"@id\":\"https:\/\/www.lexiscode.com\/#organization\",\"name\":\"LexisNexis Trilingual French Civil Code\",\"url\":\"https:\/\/www.lexiscode.com\/\",\"logo\":{\"@type\":\"ImageObject\",\"inLanguage\":\"en-GB\",\"@id\":\"https:\/\/www.lexiscode.com\/#\/schema\/logo\/image\/\",\"url\":\"https:\/\/www.lexiscode.com\/wp-content\/uploads\/2020\/11\/LN-Code-Web-SP@2x.png\",\"contentUrl\":\"https:\/\/www.lexiscode.com\/wp-content\/uploads\/2020\/11\/LN-Code-Web-SP@2x.png\",\"width\":572,\"height\":80,\"caption\":\"LexisNexis Trilingual French Civil Code\"},\"image\":{\"@id\":\"https:\/\/www.lexiscode.com\/#\/schema\/logo\/image\/\"}}]}<\/script>\n<!-- \/ Yoast SEO plugin. -->","yoast_head_json":{"title":"Home - LexisNexis Trilingual French Civil Code","robots":{"index":"index","follow":"follow","max-snippet":"max-snippet:-1","max-image-preview":"max-image-preview:large","max-video-preview":"max-video-preview:-1"},"canonical":"https:\/\/www.lexiscode.com\/en\/","og_locale":"en_GB","og_type":"article","og_title":"Home - LexisNexis Trilingual French Civil Code","og_description":"C\u2019est en r\u00e9unissant leurs forces que LexisNexis, \u00e9diteur juridique de r\u00e9f\u00e9rence en France et dans le monde, et Sader Publishing, le plus ancien et prestigieux \u00e9diteur juridique du monde arabe, ont r\u00e9ussi \u00e0 mener \u00e0 terme ce formidable projet de Code civil trilingue, fran\u00e7ais, anglais et arabe. Plus de 200 ans apr\u00e8s sa premi\u00e8re publication,Read More","og_url":"https:\/\/www.lexiscode.com\/en\/","og_site_name":"LexisNexis Trilingual French Civil Code","article_modified_time":"2021-06-02T09:49:13+00:00","twitter_card":"summary_large_image","twitter_misc":{"Estimated reading time":"2 minutes"},"schema":{"@context":"https:\/\/schema.org","@graph":[{"@type":"WebPage","@id":"https:\/\/www.lexiscode.com\/","url":"https:\/\/www.lexiscode.com\/","name":"Home - LexisNexis Trilingual French Civil Code","isPartOf":{"@id":"https:\/\/www.lexiscode.com\/#website"},"datePublished":"2020-07-01T07:33:56+00:00","dateModified":"2021-06-02T09:49:13+00:00","breadcrumb":{"@id":"https:\/\/www.lexiscode.com\/#breadcrumb"},"inLanguage":"en-GB","potentialAction":[{"@type":"ReadAction","target":["https:\/\/www.lexiscode.com\/"]}]},{"@type":"BreadcrumbList","@id":"https:\/\/www.lexiscode.com\/#breadcrumb","itemListElement":[{"@type":"ListItem","position":1,"name":"Home","item":"https:\/\/www.lexiscode.com\/"},{"@type":"ListItem","position":2,"name":"Home"}]},{"@type":"WebSite","@id":"https:\/\/www.lexiscode.com\/#website","url":"https:\/\/www.lexiscode.com\/","name":"LexisNexis Trilingual French Civil Code","description":"All the latest info regarding the LexisNexis Trilingual French Civil Code","publisher":{"@id":"https:\/\/www.lexiscode.com\/#organization"},"potentialAction":[{"@type":"SearchAction","target":{"@type":"EntryPoint","urlTemplate":"https:\/\/www.lexiscode.com\/?s={search_term_string}"},"query-input":{"@type":"PropertyValueSpecification","valueRequired":true,"valueName":"search_term_string"}}],"inLanguage":"en-GB"},{"@type":"Organization","@id":"https:\/\/www.lexiscode.com\/#organization","name":"LexisNexis Trilingual French Civil Code","url":"https:\/\/www.lexiscode.com\/","logo":{"@type":"ImageObject","inLanguage":"en-GB","@id":"https:\/\/www.lexiscode.com\/#\/schema\/logo\/image\/","url":"https:\/\/www.lexiscode.com\/wp-content\/uploads\/2020\/11\/LN-Code-Web-SP@2x.png","contentUrl":"https:\/\/www.lexiscode.com\/wp-content\/uploads\/2020\/11\/LN-Code-Web-SP@2x.png","width":572,"height":80,"caption":"LexisNexis Trilingual French Civil Code"},"image":{"@id":"https:\/\/www.lexiscode.com\/#\/schema\/logo\/image\/"}}]}},"jetpack_sharing_enabled":true,"_links":{"self":[{"href":"https:\/\/www.lexiscode.com\/en\/wp-json\/wp\/v2\/pages\/6","targetHints":{"allow":["GET"]}}],"collection":[{"href":"https:\/\/www.lexiscode.com\/en\/wp-json\/wp\/v2\/pages"}],"about":[{"href":"https:\/\/www.lexiscode.com\/en\/wp-json\/wp\/v2\/types\/page"}],"author":[{"embeddable":true,"href":"https:\/\/www.lexiscode.com\/en\/wp-json\/wp\/v2\/users\/1"}],"replies":[{"embeddable":true,"href":"https:\/\/www.lexiscode.com\/en\/wp-json\/wp\/v2\/comments?post=6"}],"version-history":[{"count":9,"href":"https:\/\/www.lexiscode.com\/en\/wp-json\/wp\/v2\/pages\/6\/revisions"}],"predecessor-version":[{"id":232,"href":"https:\/\/www.lexiscode.com\/en\/wp-json\/wp\/v2\/pages\/6\/revisions\/232"}],"wp:attachment":[{"href":"https:\/\/www.lexiscode.com\/en\/wp-json\/wp\/v2\/media?parent=6"}],"curies":[{"name":"wp","href":"https:\/\/api.w.org\/{rel}","templated":true}]}}